{"id":1864,"date":"2024-12-11T13:05:00","date_gmt":"2024-12-11T13:05:00","guid":{"rendered":"https:\/\/hernoginhotell.com\/tobias-wikstrom-vice-vd\/"},"modified":"2025-05-05T12:28:48","modified_gmt":"2025-05-05T12:28:48","slug":"tobias-wikstrom-vice-president","status":"publish","type":"page","link":"https:\/\/hernoginhotell.com\/en\/about-us\/tobias-wikstrom-vice-president\/","title":{"rendered":"Tobias Wikstr\u00f6m tilltr\u00e4der som vice vd p\u00e5 Hern\u00f6 Gin Hotell"},"content":{"rendered":"<section class=\"w-full max-w-[1160px] mx-auto grid grid-cols-1 md:grid-cols-2 section-b-margin px-10 lg:px-6\">\n    <div class=\"prose md:prose-lg lg:prose-xl\">\n        <p><img loading=\"lazy\" decoding=\"async\" class=\"wp-image-849 size-medium alignleft\" src=\"https:\/\/hernoginhotell.com\/wp-content\/uploads\/2024\/12\/Tobias-Wikstrom_Herno-Gin-Hotell-300x300.jpg\" alt=\"Tobias Wikstr\u00f6m, vice vd Hern\u00f6 Gin Hotell\" width=\"300\" height=\"300\" srcset=\"https:\/\/hernoginhotell.com\/wp-content\/uploads\/2024\/12\/Tobias-Wikstrom_Herno-Gin-Hotell-300x300.jpg 300w, https:\/\/hernoginhotell.com\/wp-content\/uploads\/2024\/12\/Tobias-Wikstrom_Herno-Gin-Hotell-1024x1024.jpg 1024w, https:\/\/hernoginhotell.com\/wp-content\/uploads\/2024\/12\/Tobias-Wikstrom_Herno-Gin-Hotell-150x150.jpg 150w, https:\/\/hernoginhotell.com\/wp-content\/uploads\/2024\/12\/Tobias-Wikstrom_Herno-Gin-Hotell-768x768.jpg 768w, https:\/\/hernoginhotell.com\/wp-content\/uploads\/2024\/12\/Tobias-Wikstrom_Herno-Gin-Hotell-1536x1536.jpg 1536w, https:\/\/hernoginhotell.com\/wp-content\/uploads\/2024\/12\/Tobias-Wikstrom_Herno-Gin-Hotell-2048x2048.jpg 2048w\" sizes=\"(max-width: 300px) 100vw, 300px\" \/><\/p>\n<p>In May, it became clear that Ulrika Westin took on the role of Hotel Director, and since then several key roles have been filled to ensure a strong organization ahead of the opening.<\/p>\n<p>&#8220;I am extremely pleased to welcome Tobias in the role of Vice President. His experience and commitment to both H\u00e4rn\u00f6sand and Hern\u00f6 Gin is an unbeatable combination. With Tobias and Ulrika&#8217;s joint focus on service and guest experience, we are building a fantastic team to make Hern\u00f6 Gin Hotel a unique experience destination in H\u00e4rn\u00f6sand, says Jon Hillgren, CEO of Hern\u00f6 Gin Hotel.<\/p>\n<p>Jon, who has led the project from the start, will continue in his role as CEO, but with a reduced operational involvement. Instead, he will focus on overall strategic development issues.<\/p>\n<p>Tobias and Ulrika will together lead the operational work in the new phase we are entering, with full focus on operations and creating memorable guest experiences. With his solid background in marketing, leadership and strong local roots, Tobias is an obvious choice for the role, says Jon.<\/p>\n<p>Tobias comes from a role as business area manager and partner in the real estate sector and has also worked for Hern\u00f6 Gin in various ways for many years, including in the hospitality business.<\/p>\n<blockquote><p><em>Jag ser verkligen fram emot att f\u00e5 vara en del av denna satsning. Hern\u00f6 Gin Hotell \u00e4r unikt och har en fantastisk potential att g\u00f6ra H\u00e4rn\u00f6sand till en internationell destination. Med mitt stora engagemang f\u00f6r Hern\u00f6 Gin k\u00e4nns det extra roligt att f\u00e5 vara med p\u00e5 den h\u00e4r resan och n\u00e5got som funnits i tankarna under l\u00e5ng tid. Att det nu blir verklighet k\u00e4nns fantastiskt, s\u00e4ger Tobias.<\/em><\/p><\/blockquote>\n<p>Tobias tilltr\u00e4der sin roll i februari 2025 och Hern\u00f6 Gin Hotell \u00f6ppnar f\u00f6r allm\u00e4nheten den 9 februari 2025.<\/p>\n<p><strong>F\u00f6r mer information, v\u00e4nligen kontakta:<\/strong><br \/>\nJon Hillgren, vd Hern\u00f6 Gin Hotell<br \/>\n<a href=\"mailto:jon.hillgren@hernoginhotell.com\">jon.hillgren@hernoginhotell.com<\/a><\/p>\n<p>Publicerad 2024-12-11<\/p>\n\n    <\/div>\n<\/section>","protected":false},"excerpt":{"rendered":"","protected":false},"author":2,"featured_media":0,"parent":2154,"menu_order":0,"comment_status":"closed","ping_status":"closed","template":"","meta":{"_acf_changed":false,"footnotes":""},"class_list":["post-1864","page","type-page","status-publish","hentry"],"acf":[],"yoast_head":"<!-- This site is optimized with the Yoast SEO plugin v27.5 - https:\/\/yoast.com\/product\/yoast-seo-wordpress\/ -->\n<title>Tobias Wikstr\u00f6m tilltr\u00e4der som vice vd p\u00e5 Hern\u00f6 Gin Hotell - Hern\u00f6 Gin Hotell<\/title>\n<meta name=\"description\" content=\"Den 9 februari 2025 sl\u00e5r Hern\u00f6 Gin Hotell \u00e4ntligen upp sina d\u00f6rrar. Nu f\u00f6rst\u00e4rks organisationen med Tobias Wikstr\u00f6m som vice vd fr\u00e5n och med februari 2025.\" \/>\n<meta name=\"robots\" content=\"index, follow, max-snippet:-1, max-image-preview:large, max-video-preview:-1\" \/>\n<link rel=\"canonical\" href=\"https:\/\/hernoginhotell.com\/en\/about-us\/tobias-wikstrom-vice-president\/\" \/>\n<meta property=\"og:locale\" content=\"en_US\" \/>\n<meta property=\"og:type\" content=\"article\" \/>\n<meta property=\"og:title\" content=\"Tobias Wikstr\u00f6m tilltr\u00e4der som vice vd p\u00e5 Hern\u00f6 Gin Hotell - Hern\u00f6 Gin Hotell\" \/>\n<meta property=\"og:description\" content=\"Den 9 februari 2025 sl\u00e5r Hern\u00f6 Gin Hotell \u00e4ntligen upp sina d\u00f6rrar. Nu f\u00f6rst\u00e4rks organisationen med Tobias Wikstr\u00f6m som vice vd fr\u00e5n och med februari 2025.\" \/>\n<meta property=\"og:url\" content=\"https:\/\/hernoginhotell.com\/en\/about-us\/tobias-wikstrom-vice-president\/\" \/>\n<meta property=\"og:site_name\" content=\"Hern\u00f6 Gin Hotell\" \/>\n<meta property=\"article:modified_time\" content=\"2025-05-05T12:28:48+00:00\" \/>\n<meta property=\"og:image\" content=\"https:\/\/hernoginhotell.com\/wp-content\/uploads\/2024\/12\/Tobias-Wikstrom_Herno-Gin-Hotell-scaled.jpg\" \/>\n\t<meta property=\"og:image:width\" content=\"2560\" \/>\n\t<meta property=\"og:image:height\" content=\"2560\" \/>\n\t<meta property=\"og:image:type\" content=\"image\/jpeg\" \/>\n<meta name=\"twitter:card\" content=\"summary_large_image\" \/>\n<script type=\"application\/ld+json\" class=\"yoast-schema-graph\">{\"@context\":\"https:\\\/\\\/schema.org\",\"@graph\":[{\"@type\":\"WebPage\",\"@id\":\"https:\\\/\\\/hernoginhotell.com\\\/en\\\/about-us\\\/tobias-wikstrom-vice-president\\\/\",\"url\":\"https:\\\/\\\/hernoginhotell.com\\\/en\\\/about-us\\\/tobias-wikstrom-vice-president\\\/\",\"name\":\"Tobias Wikstr\u00f6m tilltr\u00e4der som vice vd p\u00e5 Hern\u00f6 Gin Hotell - Hern\u00f6 Gin Hotell\",\"isPartOf\":{\"@id\":\"https:\\\/\\\/hernoginhotell.com\\\/en\\\/#website\"},\"datePublished\":\"2024-12-11T13:05:00+00:00\",\"dateModified\":\"2025-05-05T12:28:48+00:00\",\"description\":\"Den 9 februari 2025 sl\u00e5r Hern\u00f6 Gin Hotell \u00e4ntligen upp sina d\u00f6rrar. Nu f\u00f6rst\u00e4rks organisationen med Tobias Wikstr\u00f6m som vice vd fr\u00e5n och med februari 2025.\",\"breadcrumb\":{\"@id\":\"https:\\\/\\\/hernoginhotell.com\\\/en\\\/about-us\\\/tobias-wikstrom-vice-president\\\/#breadcrumb\"},\"inLanguage\":\"en-US\",\"potentialAction\":[{\"@type\":\"ReadAction\",\"target\":[\"https:\\\/\\\/hernoginhotell.com\\\/en\\\/about-us\\\/tobias-wikstrom-vice-president\\\/\"]}]},{\"@type\":\"BreadcrumbList\",\"@id\":\"https:\\\/\\\/hernoginhotell.com\\\/en\\\/about-us\\\/tobias-wikstrom-vice-president\\\/#breadcrumb\",\"itemListElement\":[{\"@type\":\"ListItem\",\"position\":1,\"name\":\"Home\",\"item\":\"https:\\\/\\\/hernoginhotell.com\\\/en\\\/\"},{\"@type\":\"ListItem\",\"position\":2,\"name\":\"Tobias Wikstr\u00f6m tilltr\u00e4der som vice vd p\u00e5 Hern\u00f6 Gin Hotell\"}]},{\"@type\":\"WebSite\",\"@id\":\"https:\\\/\\\/hernoginhotell.com\\\/en\\\/#website\",\"url\":\"https:\\\/\\\/hernoginhotell.com\\\/en\\\/\",\"name\":\"Hern\u00f6 Gin Hotell\",\"description\":\"\",\"potentialAction\":[{\"@type\":\"SearchAction\",\"target\":{\"@type\":\"EntryPoint\",\"urlTemplate\":\"https:\\\/\\\/hernoginhotell.com\\\/en\\\/?s={search_term_string}\"},\"query-input\":{\"@type\":\"PropertyValueSpecification\",\"valueRequired\":true,\"valueName\":\"search_term_string\"}}],\"inLanguage\":\"en-US\"}]}<\/script>\n<!-- \/ Yoast SEO plugin. -->","yoast_head_json":{"title":"Tobias Wikstr\u00f6m tilltr\u00e4der som vice vd p\u00e5 Hern\u00f6 Gin Hotell - Hern\u00f6 Gin Hotell","description":"Den 9 februari 2025 sl\u00e5r Hern\u00f6 Gin Hotell \u00e4ntligen upp sina d\u00f6rrar. Nu f\u00f6rst\u00e4rks organisationen med Tobias Wikstr\u00f6m som vice vd fr\u00e5n och med februari 2025.","robots":{"index":"index","follow":"follow","max-snippet":"max-snippet:-1","max-image-preview":"max-image-preview:large","max-video-preview":"max-video-preview:-1"},"canonical":"https:\/\/hernoginhotell.com\/en\/about-us\/tobias-wikstrom-vice-president\/","og_locale":"en_US","og_type":"article","og_title":"Tobias Wikstr\u00f6m tilltr\u00e4der som vice vd p\u00e5 Hern\u00f6 Gin Hotell - Hern\u00f6 Gin Hotell","og_description":"Den 9 februari 2025 sl\u00e5r Hern\u00f6 Gin Hotell \u00e4ntligen upp sina d\u00f6rrar. Nu f\u00f6rst\u00e4rks organisationen med Tobias Wikstr\u00f6m som vice vd fr\u00e5n och med februari 2025.","og_url":"https:\/\/hernoginhotell.com\/en\/about-us\/tobias-wikstrom-vice-president\/","og_site_name":"Hern\u00f6 Gin Hotell","article_modified_time":"2025-05-05T12:28:48+00:00","og_image":[{"width":2560,"height":2560,"url":"https:\/\/hernoginhotell.com\/wp-content\/uploads\/2024\/12\/Tobias-Wikstrom_Herno-Gin-Hotell-scaled.jpg","type":"image\/jpeg"}],"twitter_card":"summary_large_image","schema":{"@context":"https:\/\/schema.org","@graph":[{"@type":"WebPage","@id":"https:\/\/hernoginhotell.com\/en\/about-us\/tobias-wikstrom-vice-president\/","url":"https:\/\/hernoginhotell.com\/en\/about-us\/tobias-wikstrom-vice-president\/","name":"Tobias Wikstr\u00f6m tilltr\u00e4der som vice vd p\u00e5 Hern\u00f6 Gin Hotell - Hern\u00f6 Gin Hotell","isPartOf":{"@id":"https:\/\/hernoginhotell.com\/en\/#website"},"datePublished":"2024-12-11T13:05:00+00:00","dateModified":"2025-05-05T12:28:48+00:00","description":"Den 9 februari 2025 sl\u00e5r Hern\u00f6 Gin Hotell \u00e4ntligen upp sina d\u00f6rrar. Nu f\u00f6rst\u00e4rks organisationen med Tobias Wikstr\u00f6m som vice vd fr\u00e5n och med februari 2025.","breadcrumb":{"@id":"https:\/\/hernoginhotell.com\/en\/about-us\/tobias-wikstrom-vice-president\/#breadcrumb"},"inLanguage":"en-US","potentialAction":[{"@type":"ReadAction","target":["https:\/\/hernoginhotell.com\/en\/about-us\/tobias-wikstrom-vice-president\/"]}]},{"@type":"BreadcrumbList","@id":"https:\/\/hernoginhotell.com\/en\/about-us\/tobias-wikstrom-vice-president\/#breadcrumb","itemListElement":[{"@type":"ListItem","position":1,"name":"Home","item":"https:\/\/hernoginhotell.com\/en\/"},{"@type":"ListItem","position":2,"name":"Tobias Wikstr\u00f6m tilltr\u00e4der som vice vd p\u00e5 Hern\u00f6 Gin Hotell"}]},{"@type":"WebSite","@id":"https:\/\/hernoginhotell.com\/en\/#website","url":"https:\/\/hernoginhotell.com\/en\/","name":"Hern\u00f6 Gin Hotell","description":"","potentialAction":[{"@type":"SearchAction","target":{"@type":"EntryPoint","urlTemplate":"https:\/\/hernoginhotell.com\/en\/?s={search_term_string}"},"query-input":{"@type":"PropertyValueSpecification","valueRequired":true,"valueName":"search_term_string"}}],"inLanguage":"en-US"}]}},"_links":{"self":[{"href":"https:\/\/hernoginhotell.com\/en\/wp-json\/wp\/v2\/pages\/1864","targetHints":{"allow":["GET"]}}],"collection":[{"href":"https:\/\/hernoginhotell.com\/en\/wp-json\/wp\/v2\/pages"}],"about":[{"href":"https:\/\/hernoginhotell.com\/en\/wp-json\/wp\/v2\/types\/page"}],"author":[{"embeddable":true,"href":"https:\/\/hernoginhotell.com\/en\/wp-json\/wp\/v2\/users\/2"}],"replies":[{"embeddable":true,"href":"https:\/\/hernoginhotell.com\/en\/wp-json\/wp\/v2\/comments?post=1864"}],"version-history":[{"count":2,"href":"https:\/\/hernoginhotell.com\/en\/wp-json\/wp\/v2\/pages\/1864\/revisions"}],"predecessor-version":[{"id":1893,"href":"https:\/\/hernoginhotell.com\/en\/wp-json\/wp\/v2\/pages\/1864\/revisions\/1893"}],"up":[{"embeddable":true,"href":"https:\/\/hernoginhotell.com\/en\/wp-json\/wp\/v2\/pages\/2154"}],"wp:attachment":[{"href":"https:\/\/hernoginhotell.com\/en\/wp-json\/wp\/v2\/media?parent=1864"}],"curies":[{"name":"wp","href":"https:\/\/api.w.org\/{rel}","templated":true}]}}