{"id":2198,"date":"2025-02-05T14:55:55","date_gmt":"2025-02-05T14:55:55","guid":{"rendered":"https:\/\/hernoginhotell.com\/mat-dryck\/hernoginbar\/"},"modified":"2025-10-07T07:55:25","modified_gmt":"2025-10-07T07:55:25","slug":"hernoginbar","status":"publish","type":"page","link":"https:\/\/hernoginhotell.com\/en\/food-beverage\/hernoginbar\/","title":{"rendered":"Hern\u00f6 Gin Bar"},"content":{"rendered":"<section class=\"w-full max-w-[1160px] mx-auto grid grid-cols-1 md:grid-cols-2 section-b-margin px-10 lg:px-6\">\n    <div class=\"prose md:prose-lg lg:prose-xl\">\n        <h4>Explore our menu<\/h4>\n<h4><a href=\"https:\/\/hernoginhotell.com\/wp-content\/uploads\/2025\/04\/Herno_Gin_Bar_meny.pdf\">Cocktailmenu<\/a><\/h4>\n\n    <\/div>\n<\/section>","protected":false},"excerpt":{"rendered":"","protected":false},"author":3,"featured_media":0,"parent":2183,"menu_order":0,"comment_status":"closed","ping_status":"closed","template":"","meta":{"_acf_changed":false,"footnotes":""},"class_list":["post-2198","page","type-page","status-publish","hentry"],"acf":[],"yoast_head":"<!-- This site is optimized with the Yoast SEO plugin v27.4 - https:\/\/yoast.com\/product\/yoast-seo-wordpress\/ -->\n<title>Hern\u00f6 Gin Bar - Hern\u00f6 Gin Hotell<\/title>\n<meta name=\"description\" content=\"Take a visit to Hern\u00f6 Gin Bar. We offer a wide selection of both classic and creative gin cocktails, all crafted with award-winning Hern\u00f6 Gin.\" \/>\n<meta name=\"robots\" content=\"index, follow, max-snippet:-1, max-image-preview:large, max-video-preview:-1\" \/>\n<link rel=\"canonical\" href=\"https:\/\/hernoginhotell.com\/en\/food-beverage\/hernoginbar\/\" \/>\n<meta property=\"og:locale\" content=\"en_US\" \/>\n<meta property=\"og:type\" content=\"article\" \/>\n<meta property=\"og:title\" content=\"Hern\u00f6 Gin Bar - Hern\u00f6 Gin Hotell\" \/>\n<meta property=\"og:description\" content=\"Take a visit to Hern\u00f6 Gin Bar. We offer a wide selection of both classic and creative gin cocktails, all crafted with award-winning Hern\u00f6 Gin.\" \/>\n<meta property=\"og:url\" content=\"https:\/\/hernoginhotell.com\/en\/food-beverage\/hernoginbar\/\" \/>\n<meta property=\"og:site_name\" content=\"Hern\u00f6 Gin Hotell\" \/>\n<meta property=\"article:modified_time\" content=\"2025-10-07T07:55:25+00:00\" \/>\n<meta name=\"twitter:card\" content=\"summary_large_image\" \/>\n<script type=\"application\/ld+json\" class=\"yoast-schema-graph\">{\"@context\":\"https:\\\/\\\/schema.org\",\"@graph\":[{\"@type\":\"WebPage\",\"@id\":\"https:\\\/\\\/hernoginhotell.com\\\/en\\\/food-beverage\\\/hernoginbar\\\/\",\"url\":\"https:\\\/\\\/hernoginhotell.com\\\/en\\\/food-beverage\\\/hernoginbar\\\/\",\"name\":\"Hern\u00f6 Gin Bar - Hern\u00f6 Gin Hotell\",\"isPartOf\":{\"@id\":\"https:\\\/\\\/hernoginhotell.com\\\/en\\\/#website\"},\"datePublished\":\"2025-02-05T14:55:55+00:00\",\"dateModified\":\"2025-10-07T07:55:25+00:00\",\"description\":\"Take a visit to Hern\u00f6 Gin Bar. We offer a wide selection of both classic and creative gin cocktails, all crafted with award-winning Hern\u00f6 Gin.\",\"breadcrumb\":{\"@id\":\"https:\\\/\\\/hernoginhotell.com\\\/en\\\/food-beverage\\\/hernoginbar\\\/#breadcrumb\"},\"inLanguage\":\"en-US\",\"potentialAction\":[{\"@type\":\"ReadAction\",\"target\":[\"https:\\\/\\\/hernoginhotell.com\\\/en\\\/food-beverage\\\/hernoginbar\\\/\"]}]},{\"@type\":\"BreadcrumbList\",\"@id\":\"https:\\\/\\\/hernoginhotell.com\\\/en\\\/food-beverage\\\/hernoginbar\\\/#breadcrumb\",\"itemListElement\":[{\"@type\":\"ListItem\",\"position\":1,\"name\":\"Home\",\"item\":\"https:\\\/\\\/hernoginhotell.com\\\/en\\\/\"},{\"@type\":\"ListItem\",\"position\":2,\"name\":\"Restaurant &amp; bar\",\"item\":\"https:\\\/\\\/hernoginhotell.com\\\/en\\\/food-beverage\\\/\"},{\"@type\":\"ListItem\",\"position\":3,\"name\":\"Hern\u00f6 Gin Bar\"}]},{\"@type\":\"WebSite\",\"@id\":\"https:\\\/\\\/hernoginhotell.com\\\/en\\\/#website\",\"url\":\"https:\\\/\\\/hernoginhotell.com\\\/en\\\/\",\"name\":\"Hern\u00f6 Gin Hotell\",\"description\":\"\",\"potentialAction\":[{\"@type\":\"SearchAction\",\"target\":{\"@type\":\"EntryPoint\",\"urlTemplate\":\"https:\\\/\\\/hernoginhotell.com\\\/en\\\/?s={search_term_string}\"},\"query-input\":{\"@type\":\"PropertyValueSpecification\",\"valueRequired\":true,\"valueName\":\"search_term_string\"}}],\"inLanguage\":\"en-US\"}]}<\/script>\n<!-- \/ Yoast SEO plugin. -->","yoast_head_json":{"title":"Hern\u00f6 Gin Bar - Hern\u00f6 Gin Hotell","description":"Take a visit to Hern\u00f6 Gin Bar. We offer a wide selection of both classic and creative gin cocktails, all crafted with award-winning Hern\u00f6 Gin.","robots":{"index":"index","follow":"follow","max-snippet":"max-snippet:-1","max-image-preview":"max-image-preview:large","max-video-preview":"max-video-preview:-1"},"canonical":"https:\/\/hernoginhotell.com\/en\/food-beverage\/hernoginbar\/","og_locale":"en_US","og_type":"article","og_title":"Hern\u00f6 Gin Bar - Hern\u00f6 Gin Hotell","og_description":"Take a visit to Hern\u00f6 Gin Bar. We offer a wide selection of both classic and creative gin cocktails, all crafted with award-winning Hern\u00f6 Gin.","og_url":"https:\/\/hernoginhotell.com\/en\/food-beverage\/hernoginbar\/","og_site_name":"Hern\u00f6 Gin Hotell","article_modified_time":"2025-10-07T07:55:25+00:00","twitter_card":"summary_large_image","schema":{"@context":"https:\/\/schema.org","@graph":[{"@type":"WebPage","@id":"https:\/\/hernoginhotell.com\/en\/food-beverage\/hernoginbar\/","url":"https:\/\/hernoginhotell.com\/en\/food-beverage\/hernoginbar\/","name":"Hern\u00f6 Gin Bar - Hern\u00f6 Gin Hotell","isPartOf":{"@id":"https:\/\/hernoginhotell.com\/en\/#website"},"datePublished":"2025-02-05T14:55:55+00:00","dateModified":"2025-10-07T07:55:25+00:00","description":"Take a visit to Hern\u00f6 Gin Bar. We offer a wide selection of both classic and creative gin cocktails, all crafted with award-winning Hern\u00f6 Gin.","breadcrumb":{"@id":"https:\/\/hernoginhotell.com\/en\/food-beverage\/hernoginbar\/#breadcrumb"},"inLanguage":"en-US","potentialAction":[{"@type":"ReadAction","target":["https:\/\/hernoginhotell.com\/en\/food-beverage\/hernoginbar\/"]}]},{"@type":"BreadcrumbList","@id":"https:\/\/hernoginhotell.com\/en\/food-beverage\/hernoginbar\/#breadcrumb","itemListElement":[{"@type":"ListItem","position":1,"name":"Home","item":"https:\/\/hernoginhotell.com\/en\/"},{"@type":"ListItem","position":2,"name":"Restaurant &amp; bar","item":"https:\/\/hernoginhotell.com\/en\/food-beverage\/"},{"@type":"ListItem","position":3,"name":"Hern\u00f6 Gin Bar"}]},{"@type":"WebSite","@id":"https:\/\/hernoginhotell.com\/en\/#website","url":"https:\/\/hernoginhotell.com\/en\/","name":"Hern\u00f6 Gin Hotell","description":"","potentialAction":[{"@type":"SearchAction","target":{"@type":"EntryPoint","urlTemplate":"https:\/\/hernoginhotell.com\/en\/?s={search_term_string}"},"query-input":{"@type":"PropertyValueSpecification","valueRequired":true,"valueName":"search_term_string"}}],"inLanguage":"en-US"}]}},"_links":{"self":[{"href":"https:\/\/hernoginhotell.com\/en\/wp-json\/wp\/v2\/pages\/2198","targetHints":{"allow":["GET"]}}],"collection":[{"href":"https:\/\/hernoginhotell.com\/en\/wp-json\/wp\/v2\/pages"}],"about":[{"href":"https:\/\/hernoginhotell.com\/en\/wp-json\/wp\/v2\/types\/page"}],"author":[{"embeddable":true,"href":"https:\/\/hernoginhotell.com\/en\/wp-json\/wp\/v2\/users\/3"}],"replies":[{"embeddable":true,"href":"https:\/\/hernoginhotell.com\/en\/wp-json\/wp\/v2\/comments?post=2198"}],"version-history":[{"count":6,"href":"https:\/\/hernoginhotell.com\/en\/wp-json\/wp\/v2\/pages\/2198\/revisions"}],"predecessor-version":[{"id":3008,"href":"https:\/\/hernoginhotell.com\/en\/wp-json\/wp\/v2\/pages\/2198\/revisions\/3008"}],"up":[{"embeddable":true,"href":"https:\/\/hernoginhotell.com\/en\/wp-json\/wp\/v2\/pages\/2183"}],"wp:attachment":[{"href":"https:\/\/hernoginhotell.com\/en\/wp-json\/wp\/v2\/media?parent=2198"}],"curies":[{"name":"wp","href":"https:\/\/api.w.org\/{rel}","templated":true}]}}